{"id":9238,"date":"2025-11-24T20:51:53","date_gmt":"2025-11-24T20:51:53","guid":{"rendered":"https:\/\/devverypaych.wpenginepowered.com\/?page_id=9238"},"modified":"2025-12-08T07:26:45","modified_gmt":"2025-12-08T07:26:45","slug":"mikhail-krasnov","status":"publish","type":"page","link":"https:\/\/verypay.ug\/fr\/board-of-directors\/mikhail-krasnov\/","title":{"rendered":"Mikha\u00efl Krasnov"},"content":{"rendered":"<div id=\"fws_69f70ffc1dc47\"  data-column-margin=\"default\" data-midnight=\"dark\"  class=\"wpb_row vc_row-fluid vc_row full-width-content vc_row-o-equal-height vc_row-flex vc_row-o-content-middle verypay-team-section\"  style=\"padding-top: 0px; padding-bottom: 0px; \"><div class=\"row-bg-wrap\" data-bg-animation=\"none\" data-bg-animation-delay=\"\" data-bg-overlay=\"false\"><div class=\"inner-wrap row-bg-layer\" ><div class=\"row-bg viewport-desktop\"  style=\"\"><\/div><\/div><\/div><div class=\"row_col_wrap_12 col span_12 dark left\">\n\t<div style=\" color: #FFFFFF;\" class=\"vc_col-sm-8 vc_col-xs-11 wpb_column column_container vc_column_container col tr_br_47px left_padding_desktop_6pct left_padding_tablet_4pct left_padding_phone_0px top_padding_desktop_60px top_padding_tablet_50px top_padding_phone_30px right_padding_desktop_8pct right_padding_tablet_4pct right_padding_phone_0px bottom_padding_desktop_60px bottom_padding_tablet_50px bottom_padding_phone_30px\" data-cfc=\"true\" data-using-bg=\"true\" data-bg-cover=\"true\" data-padding-pos=\"all\" data-has-bg-color=\"false\" data-bg-color=\"\" data-bg-opacity=\"1\" data-animation=\"\" data-delay=\"0\" >\n\t\t<div class=\"vc_column-inner\" ><div class=\"column-image-bg-wrap column-bg-layer viewport-desktop\" data-bg-pos=\"center center\" data-bg-animation=\"none\" data-bg-overlay=\"false\"><div class=\"inner-wrap\"><div class=\"column-image-bg\" style=\" background-image: url('https:\/\/verypay.ug\/wp-content\/uploads\/2025\/11\/Frame-1618869380.png'); \"><\/div><\/div><\/div>\n\t\t\t<div class=\"wpb_wrapper\">\n\t\t\t\t<div class=\"iwithtext\"><div class=\"iwt-icon\"> <img decoding=\"async\" src=\"https:\/\/verypay.ug\/wp-content\/uploads\/2025\/11\/VeryPlay_Color-Symbol-White-Text-1.png\" alt=\"\" \/> <\/div><div class=\"iwt-text\"> \n<h1><span style=\"font-weight: 100;\">Rencontrer<\/span><br \/>\nMikha\u00efl<br \/>\nKrasnov<\/h1>\n<h5>Directeur ex\u00e9cutif \u2013 Cofondateur de<br \/>\nGroupe Verysell<\/h5>\n <\/div><div class=\"clear\"><\/div><\/div>\n\t\t\t<\/div> \n\t\t<\/div>\n\t<\/div> \n\n\t<div  class=\"vc_col-sm-4 vc_hidden-sm vc_hidden-xs wpb_column column_container vc_column_container col\"  data-padding-pos=\"all\" data-has-bg-color=\"false\" data-bg-color=\"\" data-bg-opacity=\"1\" data-animation=\"\" data-delay=\"0\" >\n\t\t<div class=\"vc_column-inner\" >\n\t\t\t<div class=\"wpb_wrapper\">\n\t\t\t\t\n\t\t\t<\/div> \n\t\t<\/div>\n\t<\/div> \n<\/div><\/div>\n\t\t<div id=\"fws_69f70ffc1ed35\"  data-column-margin=\"30px\" data-midnight=\"dark\"  class=\"wpb_row vc_row-fluid vc_row full-width-content vc_row-o-equal-height vc_row-flex vc_row-o-content-top btn-page-header reverse_columns_desktop\"  style=\"padding-top: 30px; padding-bottom: 60px; \"><div class=\"row-bg-wrap\" data-bg-animation=\"none\" data-bg-animation-delay=\"\" data-bg-overlay=\"false\"><div class=\"inner-wrap row-bg-layer using-image\" ><div class=\"row-bg viewport-desktop using-image\"  style=\"background-position: center center; background-repeat: no-repeat; \" data-nectar-img-src=\"https:\/\/verypay.ug\/wp-content\/uploads\/2025\/12\/bg-1618869386png.png\"><\/div><\/div><\/div><div class=\"row_col_wrap_12 col span_12 dark left\">\n\t<div style=\"margin-top: -168px; \" class=\"vc_col-sm-6 wpb_column column_container vc_column_container col neg-marg top_margin_tablet_-90px top_margin_phone_0px\"  data-padding-pos=\"all\" data-has-bg-color=\"false\" data-bg-color=\"\" data-bg-opacity=\"1\" data-animation=\"\" data-delay=\"0\" >\n\t\t<div class=\"vc_column-inner\" >\n\t\t\t<div class=\"wpb_wrapper\">\n\t\t\t\t<div class=\"img-with-aniamtion-wrap  tl_br_30px tr_br_30px bl_br_30px br_br_30px\" data-max-width=\"100%\" data-max-width-mobile=\"default\" data-border-radius=\"custom\" data-shadow=\"none\" data-animation=\"none\" >\n      <div class=\"inner\">\n        <div class=\"hover-wrap\"> \n          <div class=\"hover-wrap-inner\">\n            <img loading=\"lazy\" decoding=\"async\" class=\"img-with-animation skip-lazy nectar-object-cover\" data-delay=\"0\" height=\"802\" width=\"802\" data-animation=\"none\" src=\"https:\/\/verypay.ug\/wp-content\/uploads\/2021\/11\/MK_thumb.jpg\" alt=\"\" srcset=\"https:\/\/verypay.ug\/wp-content\/uploads\/2021\/11\/MK_thumb.jpg 802w, https:\/\/verypay.ug\/wp-content\/uploads\/2021\/11\/MK_thumb-300x300.jpg 300w, https:\/\/verypay.ug\/wp-content\/uploads\/2021\/11\/MK_thumb-150x150.jpg 150w, https:\/\/verypay.ug\/wp-content\/uploads\/2021\/11\/MK_thumb-768x768.jpg 768w, https:\/\/verypay.ug\/wp-content\/uploads\/2021\/11\/MK_thumb-12x12.jpg 12w, https:\/\/verypay.ug\/wp-content\/uploads\/2021\/11\/MK_thumb-100x100.jpg 100w, https:\/\/verypay.ug\/wp-content\/uploads\/2021\/11\/MK_thumb-140x140.jpg 140w, https:\/\/verypay.ug\/wp-content\/uploads\/2021\/11\/MK_thumb-500x500.jpg 500w, https:\/\/verypay.ug\/wp-content\/uploads\/2021\/11\/MK_thumb-350x350.jpg 350w, https:\/\/verypay.ug\/wp-content\/uploads\/2021\/11\/MK_thumb-800x800.jpg 800w\" sizes=\"auto, (max-width: 802px) 100vw, 802px\" \/>\n          <\/div>\n        <\/div>\n      <\/div>\n    <\/div>\n\t\t\t<\/div> \n\t\t<\/div>\n\t<\/div> \n\n\t<div  class=\"vc_col-sm-6 wpb_column column_container vc_column_container col left_padding_desktop_70px left_padding_phone_0px top_padding_phone_20px right_padding_desktop_40px right_padding_phone_0px\"  data-padding-pos=\"all\" data-has-bg-color=\"false\" data-bg-color=\"\" data-bg-opacity=\"1\" data-animation=\"\" data-delay=\"0\" >\n\t\t<div class=\"vc_column-inner\" >\n\t\t\t<div class=\"wpb_wrapper\">\n\t\t\t\t\n<div class=\"wpb_text_column wpb_content_element\" >\n\t<div class=\"wpb_wrapper\">\n\t\t<p>doctorat en \u00e9conomie. Directeur certifi\u00e9 par le London Institute of Visitors. Mikhail est un leader accompli avec une exp\u00e9rience \u00e9prouv\u00e9e de plus de 30 ans dans l&#039;industrie informatique. Mikhail Krasnov a \u00e9t\u00e9 co-fondateur du groupe Verysell en 1990, l&#039;ancienne soci\u00e9t\u00e9 Verysell Technologies et l&#039;une des 10 plus grandes soci\u00e9t\u00e9s informatiques de Russie entre 2004 et 2011.<\/p>\n\t<\/div>\n<\/div>\n\n\n\n\n\t\t\t<\/div> \n\t\t<\/div>\n\t<\/div> \n<\/div><\/div>","protected":false},"excerpt":{"rendered":"Meet Mikhail Krasnov Executive Director - Co-founder of Verysell Group Ph.D. in Economics. Certified Director...","protected":false},"author":12,"featured_media":0,"parent":8221,"menu_order":0,"comment_status":"closed","ping_status":"closed","template":"","meta":{"inline_featured_image":false,"footnotes":""},"class_list":["post-9238","page","type-page","status-publish"],"acf":[],"yoast_head":"<!-- This site is optimized with the Yoast SEO plugin v27.5 - https:\/\/yoast.com\/product\/yoast-seo-wordpress\/ -->\n<title>VeryPay Mobile Money Technology Solutions - Mikhail Krasnov<\/title>\n<meta name=\"robots\" content=\"index, follow, max-snippet:-1, max-image-preview:large, max-video-preview:-1\" \/>\n<link rel=\"canonical\" href=\"https:\/\/verypay.ug\/fr\/board-of-directors\/mikhail-krasnov\/\" \/>\n<meta property=\"og:locale\" content=\"fr_FR\" \/>\n<meta property=\"og:type\" content=\"article\" \/>\n<meta property=\"og:title\" content=\"VeryPay Mobile Money Technology Solutions - Mikhail Krasnov\" \/>\n<meta property=\"og:url\" content=\"https:\/\/verypay.ug\/fr\/board-of-directors\/mikhail-krasnov\/\" \/>\n<meta property=\"og:site_name\" content=\"verypay.ug\" \/>\n<meta property=\"article:modified_time\" content=\"2025-12-08T07:26:45+00:00\" \/>\n<meta name=\"twitter:card\" content=\"summary_large_image\" \/>\n<meta name=\"twitter:label1\" content=\"Dur\u00e9e de lecture estim\u00e9e\" \/>\n\t<meta name=\"twitter:data1\" content=\"2 minutes\" \/>\n<script type=\"application\/ld+json\" class=\"yoast-schema-graph\">{\"@context\":\"https:\\\/\\\/schema.org\",\"@graph\":[{\"@type\":\"WebPage\",\"@id\":\"https:\\\/\\\/verypay.ug\\\/board-of-directors\\\/mikhail-krasnov\\\/\",\"url\":\"https:\\\/\\\/verypay.ug\\\/board-of-directors\\\/mikhail-krasnov\\\/\",\"name\":\"VeryPay Mobile Money Technology Solutions - Mikhail Krasnov\",\"isPartOf\":{\"@id\":\"https:\\\/\\\/verypay.ug\\\/#website\"},\"datePublished\":\"2025-11-24T20:51:53+00:00\",\"dateModified\":\"2025-12-08T07:26:45+00:00\",\"breadcrumb\":{\"@id\":\"https:\\\/\\\/verypay.ug\\\/board-of-directors\\\/mikhail-krasnov\\\/#breadcrumb\"},\"inLanguage\":\"fr-FR\",\"potentialAction\":[{\"@type\":\"ReadAction\",\"target\":[\"https:\\\/\\\/verypay.ug\\\/board-of-directors\\\/mikhail-krasnov\\\/\"]}]},{\"@type\":\"BreadcrumbList\",\"@id\":\"https:\\\/\\\/verypay.ug\\\/board-of-directors\\\/mikhail-krasnov\\\/#breadcrumb\",\"itemListElement\":[{\"@type\":\"ListItem\",\"position\":1,\"name\":\"Home\",\"item\":\"https:\\\/\\\/verypay.ug\\\/\"},{\"@type\":\"ListItem\",\"position\":2,\"name\":\"Board of Directors\",\"item\":\"https:\\\/\\\/verypay.ug\\\/board-of-directors\\\/\"},{\"@type\":\"ListItem\",\"position\":3,\"name\":\"Mikhail Krasnov\"}]},{\"@type\":\"WebSite\",\"@id\":\"https:\\\/\\\/verypay.ug\\\/#website\",\"url\":\"https:\\\/\\\/verypay.ug\\\/\",\"name\":\"verypay.ug\",\"description\":\"VeryPay Mobile Money Technology Solutions\",\"publisher\":{\"@id\":\"https:\\\/\\\/verypay.ug\\\/#organization\"},\"potentialAction\":[{\"@type\":\"SearchAction\",\"target\":{\"@type\":\"EntryPoint\",\"urlTemplate\":\"https:\\\/\\\/verypay.ug\\\/?s={search_term_string}\"},\"query-input\":{\"@type\":\"PropertyValueSpecification\",\"valueRequired\":true,\"valueName\":\"search_term_string\"}}],\"inLanguage\":\"fr-FR\"},{\"@type\":\"Organization\",\"@id\":\"https:\\\/\\\/verypay.ug\\\/#organization\",\"name\":\"VeryPay\",\"url\":\"https:\\\/\\\/verypay.ug\\\/\",\"logo\":{\"@type\":\"ImageObject\",\"inLanguage\":\"fr-FR\",\"@id\":\"https:\\\/\\\/verypay.ug\\\/#\\\/schema\\\/logo\\\/image\\\/\",\"url\":\"https:\\\/\\\/verypay.ug\\\/wp-content\\\/uploads\\\/2025\\\/11\\\/verypay-new-2025.svg\",\"contentUrl\":\"https:\\\/\\\/verypay.ug\\\/wp-content\\\/uploads\\\/2025\\\/11\\\/verypay-new-2025.svg\",\"width\":\"1024\",\"height\":\"1024\",\"caption\":\"VeryPay\"},\"image\":{\"@id\":\"https:\\\/\\\/verypay.ug\\\/#\\\/schema\\\/logo\\\/image\\\/\"}}]}<\/script>\n<!-- \/ Yoast SEO plugin. -->","yoast_head_json":{"title":"VeryPay Mobile Money Technology Solutions - Mikhail Krasnov","robots":{"index":"index","follow":"follow","max-snippet":"max-snippet:-1","max-image-preview":"max-image-preview:large","max-video-preview":"max-video-preview:-1"},"canonical":"https:\/\/verypay.ug\/fr\/board-of-directors\/mikhail-krasnov\/","og_locale":"fr_FR","og_type":"article","og_title":"VeryPay Mobile Money Technology Solutions - Mikhail Krasnov","og_url":"https:\/\/verypay.ug\/fr\/board-of-directors\/mikhail-krasnov\/","og_site_name":"verypay.ug","article_modified_time":"2025-12-08T07:26:45+00:00","twitter_card":"summary_large_image","twitter_misc":{"Dur\u00e9e de lecture estim\u00e9e":"2 minutes"},"schema":{"@context":"https:\/\/schema.org","@graph":[{"@type":"WebPage","@id":"https:\/\/verypay.ug\/board-of-directors\/mikhail-krasnov\/","url":"https:\/\/verypay.ug\/board-of-directors\/mikhail-krasnov\/","name":"VeryPay Mobile Money Technology Solutions - Mikhail Krasnov","isPartOf":{"@id":"https:\/\/verypay.ug\/#website"},"datePublished":"2025-11-24T20:51:53+00:00","dateModified":"2025-12-08T07:26:45+00:00","breadcrumb":{"@id":"https:\/\/verypay.ug\/board-of-directors\/mikhail-krasnov\/#breadcrumb"},"inLanguage":"fr-FR","potentialAction":[{"@type":"ReadAction","target":["https:\/\/verypay.ug\/board-of-directors\/mikhail-krasnov\/"]}]},{"@type":"BreadcrumbList","@id":"https:\/\/verypay.ug\/board-of-directors\/mikhail-krasnov\/#breadcrumb","itemListElement":[{"@type":"ListItem","position":1,"name":"Home","item":"https:\/\/verypay.ug\/"},{"@type":"ListItem","position":2,"name":"Board of Directors","item":"https:\/\/verypay.ug\/board-of-directors\/"},{"@type":"ListItem","position":3,"name":"Mikhail Krasnov"}]},{"@type":"WebSite","@id":"https:\/\/verypay.ug\/#website","url":"https:\/\/verypay.ug\/","name":"verypay.ug","description":"VeryPay Mobile Money Technology Solutions","publisher":{"@id":"https:\/\/verypay.ug\/#organization"},"potentialAction":[{"@type":"SearchAction","target":{"@type":"EntryPoint","urlTemplate":"https:\/\/verypay.ug\/?s={search_term_string}"},"query-input":{"@type":"PropertyValueSpecification","valueRequired":true,"valueName":"search_term_string"}}],"inLanguage":"fr-FR"},{"@type":"Organization","@id":"https:\/\/verypay.ug\/#organization","name":"Tr\u00e8s Payer","url":"https:\/\/verypay.ug\/","logo":{"@type":"ImageObject","inLanguage":"fr-FR","@id":"https:\/\/verypay.ug\/#\/schema\/logo\/image\/","url":"https:\/\/verypay.ug\/wp-content\/uploads\/2025\/11\/verypay-new-2025.svg","contentUrl":"https:\/\/verypay.ug\/wp-content\/uploads\/2025\/11\/verypay-new-2025.svg","width":"1024","height":"1024","caption":"VeryPay"},"image":{"@id":"https:\/\/verypay.ug\/#\/schema\/logo\/image\/"}}]}},"_links":{"self":[{"href":"https:\/\/verypay.ug\/fr\/wp-json\/wp\/v2\/pages\/9238","targetHints":{"allow":["GET"]}}],"collection":[{"href":"https:\/\/verypay.ug\/fr\/wp-json\/wp\/v2\/pages"}],"about":[{"href":"https:\/\/verypay.ug\/fr\/wp-json\/wp\/v2\/types\/page"}],"author":[{"embeddable":true,"href":"https:\/\/verypay.ug\/fr\/wp-json\/wp\/v2\/users\/12"}],"replies":[{"embeddable":true,"href":"https:\/\/verypay.ug\/fr\/wp-json\/wp\/v2\/comments?post=9238"}],"version-history":[{"count":0,"href":"https:\/\/verypay.ug\/fr\/wp-json\/wp\/v2\/pages\/9238\/revisions"}],"up":[{"embeddable":true,"href":"https:\/\/verypay.ug\/fr\/wp-json\/wp\/v2\/pages\/8221"}],"wp:attachment":[{"href":"https:\/\/verypay.ug\/fr\/wp-json\/wp\/v2\/media?parent=9238"}],"curies":[{"name":"wp","href":"https:\/\/api.w.org\/{rel}","templated":true}]}}