{"id":9413,"date":"2025-12-04T08:51:10","date_gmt":"2025-12-04T08:51:10","guid":{"rendered":"https:\/\/devverypaych.wpenginepowered.com\/?page_id=9413"},"modified":"2025-12-08T07:09:25","modified_gmt":"2025-12-08T07:09:25","slug":"andrey-tikhonov","status":"publish","type":"page","link":"https:\/\/verypay.ug\/fr\/meet-our-team\/andrey-tikhonov\/","title":{"rendered":"Andre\u00ef Tikhonov"},"content":{"rendered":"<div id=\"fws_69f46894d2cde\"  data-column-margin=\"default\" data-midnight=\"dark\"  class=\"wpb_row vc_row-fluid vc_row full-width-content vc_row-o-equal-height vc_row-flex vc_row-o-content-middle verypay-team-section\"  style=\"padding-top: 0px; padding-bottom: 0px; \"><div class=\"row-bg-wrap\" data-bg-animation=\"none\" data-bg-animation-delay=\"\" data-bg-overlay=\"false\"><div class=\"inner-wrap row-bg-layer\" ><div class=\"row-bg viewport-desktop\"  style=\"\"><\/div><\/div><\/div><div class=\"row_col_wrap_12 col span_12 dark left\">\n\t<div style=\" color: #FFFFFF;\" class=\"vc_col-sm-8 vc_col-xs-11 wpb_column column_container vc_column_container col tr_br_47px left_padding_desktop_6pct left_padding_tablet_4pct left_padding_phone_0px top_padding_desktop_60px top_padding_tablet_50px top_padding_phone_30px right_padding_desktop_8pct right_padding_tablet_4pct right_padding_phone_0px bottom_padding_desktop_60px bottom_padding_tablet_50px bottom_padding_phone_30px\" data-cfc=\"true\" data-using-bg=\"true\" data-bg-cover=\"true\" data-padding-pos=\"all\" data-has-bg-color=\"false\" data-bg-color=\"\" data-bg-opacity=\"1\" data-animation=\"\" data-delay=\"0\" >\n\t\t<div class=\"vc_column-inner\" ><div class=\"column-image-bg-wrap column-bg-layer viewport-desktop\" data-bg-pos=\"center center\" data-bg-animation=\"none\" data-bg-overlay=\"false\"><div class=\"inner-wrap\"><div class=\"column-image-bg\" style=\" background-image: url('https:\/\/verypay.ug\/wp-content\/uploads\/2025\/11\/Frame-1618869380.png'); \"><\/div><\/div><\/div>\n\t\t\t<div class=\"wpb_wrapper\">\n\t\t\t\t<div class=\"iwithtext\"><div class=\"iwt-icon\"> <img decoding=\"async\" src=\"https:\/\/verypay.ug\/wp-content\/uploads\/2025\/11\/VeryPlay_Color-Symbol-White-Text-1.png\" alt=\"\" \/> <\/div><div class=\"iwt-text\"> \n<h1><span style=\"font-weight: 100;\">Rencontrer<\/span><br \/>\nAndr\u00e9<br \/>\nTikhonov<\/h1>\n<h5>Directeur g\u00e9n\u00e9ral<\/h5>\n <\/div><div class=\"clear\"><\/div><\/div>\n\t\t\t<\/div> \n\t\t<\/div>\n\t<\/div> \n\n\t<div  class=\"vc_col-sm-4 vc_hidden-sm vc_hidden-xs wpb_column column_container vc_column_container col\"  data-padding-pos=\"all\" data-has-bg-color=\"false\" data-bg-color=\"\" data-bg-opacity=\"1\" data-animation=\"\" data-delay=\"0\" >\n\t\t<div class=\"vc_column-inner\" >\n\t\t\t<div class=\"wpb_wrapper\">\n\t\t\t\t\n\t\t\t<\/div> \n\t\t<\/div>\n\t<\/div> \n<\/div><\/div>\n\t\t<div id=\"fws_69f46894d3d2a\"  data-column-margin=\"30px\" data-midnight=\"dark\"  class=\"wpb_row vc_row-fluid vc_row full-width-content vc_row-o-equal-height vc_row-flex vc_row-o-content-top btn-page-header reverse_columns_desktop\"  style=\"padding-top: 30px; padding-bottom: 60px; \"><div class=\"row-bg-wrap\" data-bg-animation=\"none\" data-bg-animation-delay=\"\" data-bg-overlay=\"false\"><div class=\"inner-wrap row-bg-layer using-image\" ><div class=\"row-bg viewport-desktop using-image\"  style=\"background-position: center center; background-repeat: no-repeat; \" data-nectar-img-src=\"https:\/\/verypay.ug\/wp-content\/uploads\/2025\/12\/bg-1618869386png.png\"><\/div><\/div><\/div><div class=\"row_col_wrap_12 col span_12 dark left\">\n\t<div style=\"margin-top: -168px; \" class=\"vc_col-sm-6 wpb_column column_container vc_column_container col neg-marg top_margin_tablet_-90px top_margin_phone_0px\"  data-padding-pos=\"all\" data-has-bg-color=\"false\" data-bg-color=\"\" data-bg-opacity=\"1\" data-animation=\"\" data-delay=\"0\" >\n\t\t<div class=\"vc_column-inner\" >\n\t\t\t<div class=\"wpb_wrapper\">\n\t\t\t\t<div class=\"img-with-aniamtion-wrap  tl_br_30px tr_br_30px bl_br_30px br_br_30px\" data-max-width=\"100%\" data-max-width-mobile=\"default\" data-border-radius=\"custom\" data-shadow=\"none\" data-animation=\"none\" >\n      <div class=\"inner\">\n        <div class=\"hover-wrap\"> \n          <div class=\"hover-wrap-inner\">\n            <img loading=\"lazy\" decoding=\"async\" class=\"img-with-animation skip-lazy nectar-object-cover\" data-delay=\"0\" height=\"1412\" width=\"1521\" data-animation=\"none\" src=\"https:\/\/verypay.ug\/wp-content\/uploads\/2021\/07\/PIC02.jpg\" alt=\"\" srcset=\"https:\/\/verypay.ug\/wp-content\/uploads\/2021\/07\/PIC02.jpg 1521w, https:\/\/verypay.ug\/wp-content\/uploads\/2021\/07\/PIC02-300x279.jpg 300w, https:\/\/verypay.ug\/wp-content\/uploads\/2021\/07\/PIC02-1024x951.jpg 1024w, https:\/\/verypay.ug\/wp-content\/uploads\/2021\/07\/PIC02-768x713.jpg 768w, https:\/\/verypay.ug\/wp-content\/uploads\/2021\/07\/PIC02-13x12.jpg 13w\" sizes=\"auto, (max-width: 1521px) 100vw, 1521px\" \/>\n          <\/div>\n        <\/div>\n      <\/div>\n    <\/div>\n\t\t\t<\/div> \n\t\t<\/div>\n\t<\/div> \n\n\t<div  class=\"vc_col-sm-6 wpb_column column_container vc_column_container col left_padding_desktop_70px left_padding_phone_0px top_padding_phone_20px right_padding_desktop_40px right_padding_phone_0px\"  data-padding-pos=\"all\" data-has-bg-color=\"false\" data-bg-color=\"\" data-bg-opacity=\"1\" data-animation=\"\" data-delay=\"0\" >\n\t\t<div class=\"vc_column-inner\" >\n\t\t\t<div class=\"wpb_wrapper\">\n\t\t\t\t\n<div class=\"wpb_text_column wpb_content_element\" >\n\t<div class=\"wpb_wrapper\">\n\t\t<p>Andrey poss\u00e8de plus de 20 ans d&#039;exp\u00e9rience en d\u00e9veloppement technologique et en direction g\u00e9n\u00e9rale dans le secteur des paiements par carte. Il a occup\u00e9 des postes de vice-pr\u00e9sident et de directeur technique chez des fabricants et revendeurs de terminaux de point de vente de premier plan, tels que Lipman, VeriFone, ExaDigm, PAX, Dejavoo Systems et Castles Technology. Il assure la vision, la strat\u00e9gie et la direction tout au long du cycle de vie du produit, de sa conception \u00e0 sa mise en \u0153uvre, en passant par son lancement sur le march\u00e9 et sa maintenance. Andrey est titulaire d&#039;une ma\u00eetrise et d&#039;une licence en informatique de l&#039;Universit\u00e9 technique de Novossibirsk, en Russie.<\/p>\n\t<\/div>\n<\/div>\n\n\n\n\n\t\t\t<\/div> \n\t\t<\/div>\n\t<\/div> \n<\/div><\/div>","protected":false},"excerpt":{"rendered":"Meet Andrey Tikhonov Chief Executive Officer Andrey has over 20 years of progressive technology development...","protected":false},"author":21,"featured_media":0,"parent":6293,"menu_order":0,"comment_status":"closed","ping_status":"closed","template":"","meta":{"inline_featured_image":false,"footnotes":""},"class_list":["post-9413","page","type-page","status-publish"],"acf":[],"yoast_head":"<!-- This site is optimized with the Yoast SEO plugin v27.5 - https:\/\/yoast.com\/product\/yoast-seo-wordpress\/ -->\n<title>VeryPay Mobile Money Technology Solutions - Andrey Tikhonov<\/title>\n<meta name=\"robots\" content=\"index, follow, max-snippet:-1, max-image-preview:large, max-video-preview:-1\" \/>\n<link rel=\"canonical\" href=\"https:\/\/verypay.ug\/fr\/meet-our-team\/andrey-tikhonov\/\" \/>\n<meta property=\"og:locale\" content=\"fr_FR\" \/>\n<meta property=\"og:type\" content=\"article\" \/>\n<meta property=\"og:title\" content=\"VeryPay Mobile Money Technology Solutions - Andrey Tikhonov\" \/>\n<meta property=\"og:url\" content=\"https:\/\/verypay.ug\/fr\/meet-our-team\/andrey-tikhonov\/\" \/>\n<meta property=\"og:site_name\" content=\"verypay.ug\" \/>\n<meta property=\"article:modified_time\" content=\"2025-12-08T07:09:25+00:00\" \/>\n<meta name=\"twitter:card\" content=\"summary_large_image\" \/>\n<meta name=\"twitter:label1\" content=\"Dur\u00e9e de lecture estim\u00e9e\" \/>\n\t<meta name=\"twitter:data1\" content=\"2 minutes\" \/>\n<script type=\"application\/ld+json\" class=\"yoast-schema-graph\">{\"@context\":\"https:\\\/\\\/schema.org\",\"@graph\":[{\"@type\":\"WebPage\",\"@id\":\"https:\\\/\\\/verypay.ug\\\/meet-our-team\\\/andrey-tikhonov\\\/\",\"url\":\"https:\\\/\\\/verypay.ug\\\/meet-our-team\\\/andrey-tikhonov\\\/\",\"name\":\"VeryPay Mobile Money Technology Solutions - Andrey Tikhonov\",\"isPartOf\":{\"@id\":\"https:\\\/\\\/verypay.ug\\\/#website\"},\"datePublished\":\"2025-12-04T08:51:10+00:00\",\"dateModified\":\"2025-12-08T07:09:25+00:00\",\"breadcrumb\":{\"@id\":\"https:\\\/\\\/verypay.ug\\\/meet-our-team\\\/andrey-tikhonov\\\/#breadcrumb\"},\"inLanguage\":\"fr-FR\",\"potentialAction\":[{\"@type\":\"ReadAction\",\"target\":[\"https:\\\/\\\/verypay.ug\\\/meet-our-team\\\/andrey-tikhonov\\\/\"]}]},{\"@type\":\"BreadcrumbList\",\"@id\":\"https:\\\/\\\/verypay.ug\\\/meet-our-team\\\/andrey-tikhonov\\\/#breadcrumb\",\"itemListElement\":[{\"@type\":\"ListItem\",\"position\":1,\"name\":\"Home\",\"item\":\"https:\\\/\\\/verypay.ug\\\/\"},{\"@type\":\"ListItem\",\"position\":2,\"name\":\"Team\",\"item\":\"https:\\\/\\\/verypay.ug\\\/meet-our-team\\\/\"},{\"@type\":\"ListItem\",\"position\":3,\"name\":\"Andrey Tikhonov\"}]},{\"@type\":\"WebSite\",\"@id\":\"https:\\\/\\\/verypay.ug\\\/#website\",\"url\":\"https:\\\/\\\/verypay.ug\\\/\",\"name\":\"verypay.ug\",\"description\":\"VeryPay Mobile Money Technology Solutions\",\"publisher\":{\"@id\":\"https:\\\/\\\/verypay.ug\\\/#organization\"},\"potentialAction\":[{\"@type\":\"SearchAction\",\"target\":{\"@type\":\"EntryPoint\",\"urlTemplate\":\"https:\\\/\\\/verypay.ug\\\/?s={search_term_string}\"},\"query-input\":{\"@type\":\"PropertyValueSpecification\",\"valueRequired\":true,\"valueName\":\"search_term_string\"}}],\"inLanguage\":\"fr-FR\"},{\"@type\":\"Organization\",\"@id\":\"https:\\\/\\\/verypay.ug\\\/#organization\",\"name\":\"VeryPay\",\"url\":\"https:\\\/\\\/verypay.ug\\\/\",\"logo\":{\"@type\":\"ImageObject\",\"inLanguage\":\"fr-FR\",\"@id\":\"https:\\\/\\\/verypay.ug\\\/#\\\/schema\\\/logo\\\/image\\\/\",\"url\":\"https:\\\/\\\/verypay.ug\\\/wp-content\\\/uploads\\\/2025\\\/11\\\/verypay-new-2025.svg\",\"contentUrl\":\"https:\\\/\\\/verypay.ug\\\/wp-content\\\/uploads\\\/2025\\\/11\\\/verypay-new-2025.svg\",\"width\":\"1024\",\"height\":\"1024\",\"caption\":\"VeryPay\"},\"image\":{\"@id\":\"https:\\\/\\\/verypay.ug\\\/#\\\/schema\\\/logo\\\/image\\\/\"}}]}<\/script>\n<!-- \/ Yoast SEO plugin. -->","yoast_head_json":{"title":"VeryPay Mobile Money Technology Solutions - Andrey Tikhonov","robots":{"index":"index","follow":"follow","max-snippet":"max-snippet:-1","max-image-preview":"max-image-preview:large","max-video-preview":"max-video-preview:-1"},"canonical":"https:\/\/verypay.ug\/fr\/meet-our-team\/andrey-tikhonov\/","og_locale":"fr_FR","og_type":"article","og_title":"VeryPay Mobile Money Technology Solutions - Andrey Tikhonov","og_url":"https:\/\/verypay.ug\/fr\/meet-our-team\/andrey-tikhonov\/","og_site_name":"verypay.ug","article_modified_time":"2025-12-08T07:09:25+00:00","twitter_card":"summary_large_image","twitter_misc":{"Dur\u00e9e de lecture estim\u00e9e":"2 minutes"},"schema":{"@context":"https:\/\/schema.org","@graph":[{"@type":"WebPage","@id":"https:\/\/verypay.ug\/meet-our-team\/andrey-tikhonov\/","url":"https:\/\/verypay.ug\/meet-our-team\/andrey-tikhonov\/","name":"VeryPay Mobile Money Technology Solutions - Andrey Tikhonov","isPartOf":{"@id":"https:\/\/verypay.ug\/#website"},"datePublished":"2025-12-04T08:51:10+00:00","dateModified":"2025-12-08T07:09:25+00:00","breadcrumb":{"@id":"https:\/\/verypay.ug\/meet-our-team\/andrey-tikhonov\/#breadcrumb"},"inLanguage":"fr-FR","potentialAction":[{"@type":"ReadAction","target":["https:\/\/verypay.ug\/meet-our-team\/andrey-tikhonov\/"]}]},{"@type":"BreadcrumbList","@id":"https:\/\/verypay.ug\/meet-our-team\/andrey-tikhonov\/#breadcrumb","itemListElement":[{"@type":"ListItem","position":1,"name":"Home","item":"https:\/\/verypay.ug\/"},{"@type":"ListItem","position":2,"name":"Team","item":"https:\/\/verypay.ug\/meet-our-team\/"},{"@type":"ListItem","position":3,"name":"Andrey Tikhonov"}]},{"@type":"WebSite","@id":"https:\/\/verypay.ug\/#website","url":"https:\/\/verypay.ug\/","name":"verypay.ug","description":"VeryPay Mobile Money Technology Solutions","publisher":{"@id":"https:\/\/verypay.ug\/#organization"},"potentialAction":[{"@type":"SearchAction","target":{"@type":"EntryPoint","urlTemplate":"https:\/\/verypay.ug\/?s={search_term_string}"},"query-input":{"@type":"PropertyValueSpecification","valueRequired":true,"valueName":"search_term_string"}}],"inLanguage":"fr-FR"},{"@type":"Organization","@id":"https:\/\/verypay.ug\/#organization","name":"Tr\u00e8s Payer","url":"https:\/\/verypay.ug\/","logo":{"@type":"ImageObject","inLanguage":"fr-FR","@id":"https:\/\/verypay.ug\/#\/schema\/logo\/image\/","url":"https:\/\/verypay.ug\/wp-content\/uploads\/2025\/11\/verypay-new-2025.svg","contentUrl":"https:\/\/verypay.ug\/wp-content\/uploads\/2025\/11\/verypay-new-2025.svg","width":"1024","height":"1024","caption":"VeryPay"},"image":{"@id":"https:\/\/verypay.ug\/#\/schema\/logo\/image\/"}}]}},"_links":{"self":[{"href":"https:\/\/verypay.ug\/fr\/wp-json\/wp\/v2\/pages\/9413","targetHints":{"allow":["GET"]}}],"collection":[{"href":"https:\/\/verypay.ug\/fr\/wp-json\/wp\/v2\/pages"}],"about":[{"href":"https:\/\/verypay.ug\/fr\/wp-json\/wp\/v2\/types\/page"}],"author":[{"embeddable":true,"href":"https:\/\/verypay.ug\/fr\/wp-json\/wp\/v2\/users\/21"}],"replies":[{"embeddable":true,"href":"https:\/\/verypay.ug\/fr\/wp-json\/wp\/v2\/comments?post=9413"}],"version-history":[{"count":0,"href":"https:\/\/verypay.ug\/fr\/wp-json\/wp\/v2\/pages\/9413\/revisions"}],"up":[{"embeddable":true,"href":"https:\/\/verypay.ug\/fr\/wp-json\/wp\/v2\/pages\/6293"}],"wp:attachment":[{"href":"https:\/\/verypay.ug\/fr\/wp-json\/wp\/v2\/media?parent=9413"}],"curies":[{"name":"wp","href":"https:\/\/api.w.org\/{rel}","templated":true}]}}